{"id":7703,"date":"2020-07-14T10:30:14","date_gmt":"2020-07-14T08:30:14","guid":{"rendered":"https:\/\/www.alfaradelpatriarca.es\/es\/?page_id=7703"},"modified":"2023-06-20T12:46:40","modified_gmt":"2023-06-20T10:46:40","slug":"oficina-municipal-de-informacion-al-consumidor-omic","status":"publish","type":"page","link":"https:\/\/www.alfaradelpatriarca.es\/es\/oficina-municipal-de-informacion-al-consumidor-omic\/","title":{"rendered":"Oficina Municipal de Informaci\u00f3n al Consumidor (OMIC)"},"content":{"rendered":"<p><a href=\"https:\/\/www.alfaradelpatriarca.es\/wp-content\/uploads\/2023\/05\/Calendario-Manco-Carraixet-OMIC-e1685449410580.jpg\" data-rel=\"prettyPhoto[this_page]\" title=\"\"><img loading=\"lazy\" decoding=\"async\" class=\"size-full wp-image-14726 aligncenter\" src=\"https:\/\/www.alfaradelpatriarca.es\/wp-content\/uploads\/2023\/05\/Calendario-Manco-Carraixet-OMIC-e1685449410580.jpg\" alt=\"\" width=\"900\" height=\"631\" \/><\/a><\/p>\n<p>Ahora ya puedes pedir cita a trav\u00e9s de Internet para las Oficinas Municipales de Informaci\u00f3n al Consumidor de la Mancomunitat del Carraixet. Visita: <a href=\"https:\/\/l.facebook.com\/l.php?u=http%3A%2F%2Fconsumidoresvalencia.org%2Fmancomunitat-carraixet%3Ffbclid%3DIwAR3iCgl4NkyWcGzj5kgaMMqHtvZBJR34TSbpXkV_SF3gQ1nMqOBofCPzRKk&amp;h=AT3phrjCAI_69-tJRjy2H-Ikg2TuOzUPaG2D487Uk5ho3x3v7QiuHSDz1cEtiN_ZecccxOzzb6eyjAH0VWxrBk3seG0qHxJVizSXsPSZ4WcJNRIMCz-OI4USD5iMW9FGrTvX&amp;__tn__=-UK-R&amp;c%5b0%5d=AT2TJcxC6d5L0hPRifQJFDO9YqdY6_C1UByi_xLCwCUI9u1RTf7uswoJrbR4ZvORWxovXfAFgjBs2VK0YHvTgTGI_1sJD2CQv20W2RZuhkC9RtrRRMQ7kC5empjZ4kK30toajRZzo3tZ1nIXYrjof7M-HTYQdJXEzyYQefG--6H87RMH_1AMF_Z9ECDrUUfR4_e-zZEy5fZJ\" target=\"_blank\" rel=\"noopener\">consumidoresvalencia.org\/mancomunitat-carraixet<\/a>, selecciona el d\u00eda y la hora para tus consultas en las OMIC de Alfara del Patriarca, Alm\u00e0ssera, Bonrep\u00f2s i Mirambell y Vinalesa. En la OMIC te ayudan a hacer valer tus derechos como persona consumidora.<\/p>\n<p><a href=\"https:\/\/www.alfaradelpatriarca.es\/wp-content\/uploads\/2023\/06\/353672775_594778709456730_77311894213526506_n-1-e1687257965348.jpg\" data-rel=\"prettyPhoto[this_page]\" title=\"\"><img loading=\"lazy\" decoding=\"async\" class=\"aligncenter size-full wp-image-14883\" src=\"https:\/\/www.alfaradelpatriarca.es\/wp-content\/uploads\/2023\/06\/353672775_594778709456730_77311894213526506_n-1-e1687257965348.jpg\" alt=\"\" width=\"600\" height=\"600\" \/><\/a><\/p>\n<p style=\"text-align: center;\"><a href=\"https:\/\/www.alfaradelpatriarca.es\/wp-content\/uploads\/2021\/03\/omic-1.jpg\" data-rel=\"prettyPhoto[this_page]\" title=\"\"><img loading=\"lazy\" decoding=\"async\" class=\" wp-image-10740 aligncenter\" src=\"https:\/\/www.alfaradelpatriarca.es\/wp-content\/uploads\/2021\/03\/omic-1-300x300.jpg\" alt=\"\" width=\"816\" height=\"816\" srcset=\"https:\/\/www.alfaradelpatriarca.es\/wp-content\/uploads\/2021\/03\/omic-1-300x300.jpg 300w, https:\/\/www.alfaradelpatriarca.es\/wp-content\/uploads\/2021\/03\/omic-1-150x150.jpg 150w, https:\/\/www.alfaradelpatriarca.es\/wp-content\/uploads\/2021\/03\/omic-1-768x768.jpg 768w, https:\/\/www.alfaradelpatriarca.es\/wp-content\/uploads\/2021\/03\/omic-1-1024x1024.jpg 1024w, https:\/\/www.alfaradelpatriarca.es\/wp-content\/uploads\/2021\/03\/omic-1-940x940.jpg 940w, https:\/\/www.alfaradelpatriarca.es\/wp-content\/uploads\/2021\/03\/omic-1.jpg 1080w\" sizes=\"auto, (max-width: 816px) 100vw, 816px\" \/><\/a><a href=\"https:\/\/www.alfaradelpatriarca.es\/wp-content\/uploads\/2019\/05\/OMIC-Manco-1.jpg\" data-rel=\"prettyPhoto[this_page]\" title=\"\"><img loading=\"lazy\" decoding=\"async\" class=\"alignnone size-full wp-image-7700\" src=\"https:\/\/www.alfaradelpatriarca.es\/wp-content\/uploads\/2019\/05\/OMIC-Manco-1.jpg\" alt=\"OMIC Manco (1)\" width=\"1240\" height=\"1755\" srcset=\"https:\/\/www.alfaradelpatriarca.es\/wp-content\/uploads\/2019\/05\/OMIC-Manco-1.jpg 1240w, https:\/\/www.alfaradelpatriarca.es\/wp-content\/uploads\/2019\/05\/OMIC-Manco-1-212x300.jpg 212w, https:\/\/www.alfaradelpatriarca.es\/wp-content\/uploads\/2019\/05\/OMIC-Manco-1-768x1087.jpg 768w, https:\/\/www.alfaradelpatriarca.es\/wp-content\/uploads\/2019\/05\/OMIC-Manco-1-724x1024.jpg 724w, https:\/\/www.alfaradelpatriarca.es\/wp-content\/uploads\/2019\/05\/OMIC-Manco-1-940x1330.jpg 940w\" sizes=\"auto, (max-width: 1240px) 100vw, 1240px\" \/><\/a><\/p>\n<p><a href=\"https:\/\/www.alfaradelpatriarca.es\/wp-content\/uploads\/2019\/05\/OMIC-Manco_2-1.jpg\" data-rel=\"prettyPhoto[this_page]\" title=\"\"><img loading=\"lazy\" decoding=\"async\" class=\"alignnone size-full wp-image-7701\" src=\"https:\/\/www.alfaradelpatriarca.es\/wp-content\/uploads\/2019\/05\/OMIC-Manco_2-1.jpg\" alt=\"OMIC Manco_2 (1)\" width=\"1240\" height=\"1755\" srcset=\"https:\/\/www.alfaradelpatriarca.es\/wp-content\/uploads\/2019\/05\/OMIC-Manco_2-1.jpg 1240w, https:\/\/www.alfaradelpatriarca.es\/wp-content\/uploads\/2019\/05\/OMIC-Manco_2-1-212x300.jpg 212w, https:\/\/www.alfaradelpatriarca.es\/wp-content\/uploads\/2019\/05\/OMIC-Manco_2-1-768x1087.jpg 768w, https:\/\/www.alfaradelpatriarca.es\/wp-content\/uploads\/2019\/05\/OMIC-Manco_2-1-724x1024.jpg 724w, https:\/\/www.alfaradelpatriarca.es\/wp-content\/uploads\/2019\/05\/OMIC-Manco_2-1-940x1330.jpg 940w\" sizes=\"auto, (max-width: 1240px) 100vw, 1240px\" \/><\/a><\/p>\n","protected":false},"excerpt":{"rendered":"<p>Ahora ya puedes pedir cita a trav\u00e9s de Internet para las Oficinas Municipales de Informaci\u00f3n al Consumidor de la Mancomunitat &hellip;<a class=\"excerpt\" href=\"https:\/\/www.alfaradelpatriarca.es\/es\/oficina-municipal-de-informacion-al-consumidor-omic\/\">Leer m\u00e1s<\/a><\/p>\n","protected":false},"author":2,"featured_media":0,"parent":0,"menu_order":0,"comment_status":"closed","ping_status":"closed","template":"","meta":{"footnotes":""},"class_list":["post-7703","page","type-page","status-publish","hentry"],"_links":{"self":[{"href":"https:\/\/www.alfaradelpatriarca.es\/es\/wp-json\/wp\/v2\/pages\/7703","targetHints":{"allow":["GET"]}}],"collection":[{"href":"https:\/\/www.alfaradelpatriarca.es\/es\/wp-json\/wp\/v2\/pages"}],"about":[{"href":"https:\/\/www.alfaradelpatriarca.es\/es\/wp-json\/wp\/v2\/types\/page"}],"author":[{"embeddable":true,"href":"https:\/\/www.alfaradelpatriarca.es\/es\/wp-json\/wp\/v2\/users\/2"}],"replies":[{"embeddable":true,"href":"https:\/\/www.alfaradelpatriarca.es\/es\/wp-json\/wp\/v2\/comments?post=7703"}],"version-history":[{"count":10,"href":"https:\/\/www.alfaradelpatriarca.es\/es\/wp-json\/wp\/v2\/pages\/7703\/revisions"}],"predecessor-version":[{"id":14885,"href":"https:\/\/www.alfaradelpatriarca.es\/es\/wp-json\/wp\/v2\/pages\/7703\/revisions\/14885"}],"wp:attachment":[{"href":"https:\/\/www.alfaradelpatriarca.es\/es\/wp-json\/wp\/v2\/media?parent=7703"}],"curies":[{"name":"wp","href":"https:\/\/api.w.org\/{rel}","templated":true}]}}