{"id":4464,"date":"2016-09-14T11:28:22","date_gmt":"2016-09-14T11:28:22","guid":{"rendered":"http:\/\/alfara.appesveu.es\/es\/servicis-socials-generals\/"},"modified":"2023-10-30T15:14:06","modified_gmt":"2023-10-30T13:14:06","slug":"servicis-socials-generals","status":"publish","type":"page","link":"https:\/\/www.alfaradelpatriarca.es\/es\/servicis-socials-generals\/","title":{"rendered":"Servicios Sociales de Atenci\u00f3n Primaria"},"content":{"rendered":"<strong>Servicios Sociales<\/strong>\r\n<p style=\"text-align: justify;\">Los servicios sociales de atenci\u00f3n primaria constituyen la estructura b\u00e1sica del sistema p\u00fablico de servicios sociales, mediante la prestaci\u00f3n de una atenci\u00f3n integrada y polivalente dirigida a toda la poblaci\u00f3n, articulada a trav\u00e9s de actuaciones preventivas, asistenciales y rehabilitadoras, en un \u00e1mbito primario, con car\u00e1cter universal y gratuito.<\/p>\r\n<p style=\"text-align: justify;\">Su fin es promover el desarrollo pleno del individuo y de los grupos en que se integra, mediante la potenciaci\u00f3n de su participaci\u00f3n en la b\u00fasqueda de recursos y la priorizaci\u00f3n de las necesidades m\u00e1s urgentes y b\u00e1sicas.<\/p>\r\n<p style=\"text-align: justify;\">Corresponde a los servicios sociales generales la programaci\u00f3n, implantaci\u00f3n y gesti\u00f3n de la intervenci\u00f3n generalizada de atenci\u00f3n primaria.<\/p>\r\n<p style=\"text-align: justify;\">En Alfara del Patriarca prestamos los servicios sociales de atenci\u00f3n primaria de manera mancomunada junto a Vinalesa y Bonrep\u00f2s i Mirambell. Los programas desarrollados en los Servicios Sociales de la Mancomunitat del Carraixet reciben la cooperaci\u00f3n y el apoyo t\u00e9cnico y econ\u00f3mico de la Diputaci\u00f3 Provincial de Val\u00e8ncia. El equipo de Servicios Sociales lo componen un psic\u00f3logo coordinador, dos trabajadores sociales, una educadora social, una asesora jur\u00eddica, un agente de igualdad y el personal auxiliar administrativo.<\/p>\r\n<strong>Direcci\u00f3n:<\/strong>\u00a0Plaza San Juan de Ribera,4\r\n<strong>Tel\u00e9fono:<\/strong>\u00a096 139 19 46 (ext.5)\r\n<strong>Horario:<\/strong>\u00a0Lunes y mi\u00e9rcoles, de 9 a 14 horas y con cita previa.\r\n\r\n<strong>Programas disponibles de atenci\u00f3n primaria b\u00e1sica<\/strong>\r\n<ol>\r\n \t<li><strong>Servicio de acogida y atencio\u0301n ante situaciones de necesidad social<\/strong>. Se encargara\u0301 de la recepcio\u0301n, atencio\u0301n y diagno\u0301stico en las situaciones de necesidades personales y familiares, proporcionando la adecuada informacio\u0301n, orientacio\u0301n y asesoramiento sobre las diferentes prestaciones del Sistema Pu\u0301blico Valenciano de Servicios Sociales.<\/li>\r\n \t<li><strong>Servicio de promocio\u0301n de la autonomi\u0301a<\/strong>. Desarrollara\u0301 la prevencio\u0301n, diagno\u0301stico e intervencio\u0301n en situaciones de diversidad funcional o discapacidad, dependencia o vulnerabilidad, fomentando las relaciones convivenciales durante todo el ciclo vital de las personas.<\/li>\r\n \t<li><strong>Servicio de inclusio\u0301n social<\/strong>. Asumira\u0301 la prevencio\u0301n, el diagno\u0301stico, la intervencio\u0301n y el seguimiento para la cobertura de las necesidades ba\u0301sicas de las personas, familias o, en su caso, unidades de convivencia, y fomentara\u0301 su participacio\u0301n en el proceso de inclusio\u0301n social, con cara\u0301cter perio\u0301dico.<\/li>\r\n \t<li><strong>Servicio de prevencio\u0301n e intervencio\u0301n con las familias<\/strong>. Se encargara\u0301 de la prevencio\u0301n y evaluacio\u0301n de las situaciones de riesgo, asi\u0301 como del diagno\u0301stico social y la intervencio\u0301n de cara\u0301cter individual o familiar con la infancia y la adolescencia, las personas mayores y otras personas necesitadas de especial proteccio\u0301n familiar.<\/li>\r\n \t<li><strong>Servicio de accio\u0301n comunitaria<\/strong>. Desarrollara\u0301 la prevencio\u0301n, intervencio\u0301n y promocio\u0301n de la convivencia en la comunidad de referencia, a trave\u0301s de dispositivos de intervencio\u0301n comunitaria efectivos, basados en el fomento de los recursos comunitarios presentes en el territorio, en especial en los centros de servicios sociales, hacia la consecucio\u0301n de objetivos comunes que permitan favorecer y mejorar las condiciones sociales desde un enfoque global e integrador. Desarrollara\u0301n actuaciones referentes a la promocio\u0301n del voluntariado social, asi\u0301 como a la sensibilizacio\u0301n ante el acoso y ciberacoso sexual, la prevencio\u0301n de los delitos de odio, la sensibilizacio\u0301n hacia el respecto de la diversidad, la potenciacio\u0301n de formas colaborativas entre la ciudadani\u0301a y la promocio\u0301n de la igualdad de trato, entre otras. Dicho servicio se potenciara\u0301 especialmente en los espacios urbanos calificados de vulnerables.<\/li>\r\n \t<li><strong>Servicio de asesori\u0301a te\u0301cnica especi\u0301fica<\/strong>. Desarrollara\u0301 prestaciones de asistencia te\u0301cnica y juri\u0301dica para la adecuada proteccio\u0301n y ejercicio de los derechos sociales de las personas.<\/li>\r\n \t<li><strong>Unidades de igualdad<\/strong>. Garantizara\u0301n la incorporacio\u0301n de la perspectiva de ge\u0301nero, promoviendo la participacio\u0301n, impulsando planes de igualdad y realizando actuaciones de prevencio\u0301n de la violencia de ge\u0301nero y machista, entre otras, con el objetivo de hacer efectivo el principio de igualdad de mujeres y hombres de forma transversal en el conjunto de poli\u0301ticas pu\u0301blicas de a\u0301mbito local.<\/li>\r\n<\/ol>\r\n<div class=\"page\" title=\"Page 21\">\r\n<div class=\"layoutArea\">\r\n<div class=\"column\">\r\n\r\n&nbsp;\r\n\r\n<\/div>\r\n<\/div>\r\n<\/div>\r\n<strong>Equipo Espec\u00edfico de Intervenci\u00f3n en Infancia y Adolescencia<\/strong>.\r\n\r\nEste equipo espec\u00edfico tiene car\u00e1cter interdisciplinar, es de \u00e1mbito municipal, y ser\u00e1n los Servicios Sociales de Atenci\u00f3n Primaria B\u00e1sica los encargados de la derivaci\u00f3n de las intervenciones que consideren pertinentes.\r\n\r\nEl objetivo es la intervenci\u00f3n con ni\u00f1os, ni\u00f1as y adolescentes por parte de profesionales especializados y que se encuentren en una situaci\u00f3n de vulnerabilidad, riesgo (con o sin declaraci\u00f3n), desamparo o con medidas jur\u00eddicas de protecci\u00f3n, y con cuantas otras personas se considere necesario intervenir para conseguir el o los objetivos en el plan de trabajo.\r\n\r\n\r\n<figure class=\"wp-block-image size-large\"><img loading=\"lazy\" decoding=\"async\" width=\"724\" height=\"1024\" class=\"wp-image-9160\" src=\"https:\/\/www.alfaradelpatriarca.es\/wp-content\/uploads\/2020\/05\/Informaci\u00f3n-servicios-sociales-Alfara-del-Patriarca_0001-724x1024.jpg\" alt=\"\" srcset=\"https:\/\/www.alfaradelpatriarca.es\/wp-content\/uploads\/2020\/05\/Informaci\u00f3n-servicios-sociales-Alfara-del-Patriarca_0001-724x1024.jpg 724w, https:\/\/www.alfaradelpatriarca.es\/wp-content\/uploads\/2020\/05\/Informaci\u00f3n-servicios-sociales-Alfara-del-Patriarca_0001-212x300.jpg 212w, https:\/\/www.alfaradelpatriarca.es\/wp-content\/uploads\/2020\/05\/Informaci\u00f3n-servicios-sociales-Alfara-del-Patriarca_0001-768x1086.jpg 768w, https:\/\/www.alfaradelpatriarca.es\/wp-content\/uploads\/2020\/05\/Informaci\u00f3n-servicios-sociales-Alfara-del-Patriarca_0001-1086x1536.jpg 1086w, https:\/\/www.alfaradelpatriarca.es\/wp-content\/uploads\/2020\/05\/Informaci\u00f3n-servicios-sociales-Alfara-del-Patriarca_0001-1448x2048.jpg 1448w, https:\/\/www.alfaradelpatriarca.es\/wp-content\/uploads\/2020\/05\/Informaci\u00f3n-servicios-sociales-Alfara-del-Patriarca_0001-940x1329.jpg 940w, https:\/\/www.alfaradelpatriarca.es\/wp-content\/uploads\/2020\/05\/Informaci\u00f3n-servicios-sociales-Alfara-del-Patriarca_0001.jpg 1654w\" sizes=\"auto, (max-width: 724px) 100vw, 724px\" \/><\/figure>\r\n","protected":false},"excerpt":{"rendered":"<p>Servicios Sociales Los servicios sociales de atenci\u00f3n primaria constituyen la estructura b\u00e1sica del sistema p\u00fablico de servicios sociales, mediante la &hellip;<a class=\"excerpt\" href=\"https:\/\/www.alfaradelpatriarca.es\/es\/servicis-socials-generals\/\">Leer m\u00e1s<\/a><\/p>\n","protected":false},"author":1,"featured_media":0,"parent":0,"menu_order":0,"comment_status":"closed","ping_status":"closed","template":"","meta":{"footnotes":""},"class_list":["post-4464","page","type-page","status-publish","hentry"],"_links":{"self":[{"href":"https:\/\/www.alfaradelpatriarca.es\/es\/wp-json\/wp\/v2\/pages\/4464","targetHints":{"allow":["GET"]}}],"collection":[{"href":"https:\/\/www.alfaradelpatriarca.es\/es\/wp-json\/wp\/v2\/pages"}],"about":[{"href":"https:\/\/www.alfaradelpatriarca.es\/es\/wp-json\/wp\/v2\/types\/page"}],"author":[{"embeddable":true,"href":"https:\/\/www.alfaradelpatriarca.es\/es\/wp-json\/wp\/v2\/users\/1"}],"replies":[{"embeddable":true,"href":"https:\/\/www.alfaradelpatriarca.es\/es\/wp-json\/wp\/v2\/comments?post=4464"}],"version-history":[{"count":11,"href":"https:\/\/www.alfaradelpatriarca.es\/es\/wp-json\/wp\/v2\/pages\/4464\/revisions"}],"predecessor-version":[{"id":15466,"href":"https:\/\/www.alfaradelpatriarca.es\/es\/wp-json\/wp\/v2\/pages\/4464\/revisions\/15466"}],"wp:attachment":[{"href":"https:\/\/www.alfaradelpatriarca.es\/es\/wp-json\/wp\/v2\/media?parent=4464"}],"curies":[{"name":"wp","href":"https:\/\/api.w.org\/{rel}","templated":true}]}}