{"id":4451,"date":"2016-09-07T12:40:00","date_gmt":"2016-09-07T12:40:00","guid":{"rendered":"http:\/\/alfara.appesveu.es\/es\/gabinet-de-normalitzacio-linguistica\/"},"modified":"2017-04-19T16:22:39","modified_gmt":"2017-04-19T15:22:39","slug":"gabinet-de-normalitzacio-linguistica","status":"publish","type":"page","link":"https:\/\/www.alfaradelpatriarca.es\/es\/gabinet-de-normalitzacio-linguistica\/","title":{"rendered":"Gabinete de Normalizaci\u00f3n Ling\u00fcistica"},"content":{"rendered":"<p style=\"text-align: justify;\"><strong>On som?<\/strong><\/p>\n<p style=\"text-align: justify;\">ESPAI JOVE<\/p>\n<p style=\"text-align: justify;\">C\/ Don Emilio Ramon Llin<\/p>\n<p style=\"text-align: justify;\">ALFARA DEL PATRIARCA.<\/p>\n<p style=\"text-align: justify;\"><a href=\"mailto:normalitzacio@alfaradelpatriarca.es\">normalitzacio@alfaradelpatriarca.es<\/a><\/p>\n<p style=\"text-align: justify;\">Tel\u00e8fon:699787746<\/p>\n<ul style=\"text-align: justify;\">\n<li>Sol\u00b7licitut informaci\u00f3 Junta Qualificadora\n<ul>\n<li>Informaci\u00f3 sobre les convocat\u00f2ries dels ex\u00e0mens de valenci\u00e0 de la Junta Qualificadora de Coneixements de Valenci\u00e0.<\/li>\n<li>Difusi\u00f3 en els mitjans de comunicaci\u00f3 de les convocat\u00f2ries d\u2019ex\u00e0mens de valenci\u00e0 de la Junta Qualificadora de Coneixements de Valenci\u00e0.<\/li>\n<li>Informaci\u00f3 sobre la matr\u00edcula dels ex\u00e0mens, dates d\u2019ex\u00e0mens, bibliografia per a la seua preparaci\u00f3, etc.<\/li>\n<li>Assessorament i atenci\u00f3 de consultes sobre la revalidaci\u00f3 i l\u2019homologaci\u00f3 d\u2019altres t\u00edtols o estudis amb els de la Junta Qualificadora de Coneixements de Valenci\u00e0.<\/li>\n<\/ul>\n<\/li>\n<\/ul>\n<ul style=\"text-align: justify;\">\n<li>Grups de valenci\u00e0:\n<ul>\n<li>Horaris (dimecres de 16:30h a 18:00h i divendres d\u201911:30h a 13h).<\/li>\n<\/ul>\n<\/li>\n<li>Campanya de promoci\u00f3, Diputaci\u00f3 de Val\u00e8ncia.<\/li>\n<\/ul>\n<p style=\"text-align: justify;\"><strong>\u00a0<\/strong><\/p>\n<p style=\"text-align: justify;\">Qu\u00e8 \u00e9s un gabinet de Normalitzaci\u00f3 Ling\u00fcistica? Un servei d\u2019informaci\u00f3 municipal i resoluci\u00f3 de temes relacionats amb la llengua propia, en aquest cas el valenci\u00e0.<\/p>\n<p style=\"text-align: justify;\">La seua funci\u00f3 \u00e9s \u00a0resoldre q\u00fcestions de retolaci\u00f3 interna, de publicitat, de disseny de documents, de normalitzaci\u00f3 ling\u00fc\u00edstica, d\u2019assessorament ling\u00fc\u00edstic, de correcci\u00f3 i traducci\u00f3 de textos. Necessitats ling\u00fc\u00edstiques en la poblaci\u00f3.<\/p>\n<p style=\"text-align: justify;\"><strong>ACTIVITAT DEPARTAMENTAL<\/strong><\/p>\n<ol style=\"text-align: justify;\">\n<li><strong><u>Funcions internes<\/u><\/strong>\n<ul>\n<li>Consultes ling\u00fc\u00edstiques del personal de l\u2019Ajuntament.<\/li>\n<li>Organitzaci\u00f3 de cursos de valenci\u00e0.<\/li>\n<li>Correcci\u00f3 i\/o traducci\u00f3.<\/li>\n<\/ul>\n<\/li>\n<li><strong><u>Funcions externes<\/u><\/strong><\/li>\n<\/ol>\n<p style=\"text-align: justify;\"><strong><u>(per tel\u00e8fon, correu electr\u00f2nic o en persona)<\/u><\/strong><\/p>\n<ul>\n<li style=\"text-align: justify;\">Realitzaci\u00f3 de campanyes anuals de promoci\u00f3 de l\u2019\u00fas del valenci\u00e0 (Diputaci\u00f3 de Val\u00e8ncia)<\/li>\n<li style=\"text-align: justify;\">Organitzaci\u00f3 d\u2019actes culturals: exposicions, presentacions de llibres, etc.<\/li>\n<li style=\"text-align: justify;\">Organitzaci\u00f3 de cursos de valenci\u00e0 de tots els nivells (oral, elemental, mitj\u00e0 i superior) per a la poblaci\u00f3 adulta en general i tamb\u00e9 per als nouvinguts<\/li>\n<li style=\"text-align: justify;\">Assessorament sobre material de consulta en valenci\u00e0 (diccionaris, vocabularis, flexions verbals, gram\u00e0tiques, material per a cursos de valenci\u00e0 de tots els nivells, etc.).<\/li>\n<li style=\"text-align: justify;\">Assessorament ling\u00fc\u00edstic en la revisi\u00f3, correcci\u00f3 i redacci\u00f3 de textos, en retolacions, anuncis, impresos de tota classe, i de qualsevol dubte ling\u00fc\u00edstic. Nivell usuari.<\/li>\n<li style=\"text-align: justify;\">Atenci\u00f3 de consultes sobre els cursos i els ex\u00e0mens de reciclatge de valenci\u00e0 per al professorat d\u2019educaci\u00f3 prim\u00e0ria, secund\u00e0ria i batxillerat.<\/li>\n<li style=\"text-align: justify;\">Difusi\u00f3 i informaci\u00f3 de la convocat\u00f2ria d\u2019ajudes i subvencions per a la realitzaci\u00f3 d\u2019activitats de promoci\u00f3 de l\u2019\u00fas del valenci\u00e0, adre\u00e7ades a entitats i associacions sense finalitat lucrativa, de la Conselleria d\u2019Educaci\u00f3.<\/li>\n<\/ul>\n","protected":false},"excerpt":{"rendered":"<p>On som? ESPAI JOVE C\/ Don Emilio Ramon Llin ALFARA DEL PATRIARCA. normalitzacio@alfaradelpatriarca.es Tel\u00e8fon:699787746 Sol\u00b7licitut informaci\u00f3 Junta Qualificadora Informaci\u00f3 sobre &hellip;<a class=\"excerpt\" href=\"https:\/\/www.alfaradelpatriarca.es\/es\/gabinet-de-normalitzacio-linguistica\/\">Leer m\u00e1s<\/a><\/p>\n","protected":false},"author":1,"featured_media":0,"parent":0,"menu_order":0,"comment_status":"closed","ping_status":"closed","template":"","meta":{"footnotes":""},"class_list":["post-4451","page","type-page","status-publish","hentry"],"_links":{"self":[{"href":"https:\/\/www.alfaradelpatriarca.es\/es\/wp-json\/wp\/v2\/pages\/4451","targetHints":{"allow":["GET"]}}],"collection":[{"href":"https:\/\/www.alfaradelpatriarca.es\/es\/wp-json\/wp\/v2\/pages"}],"about":[{"href":"https:\/\/www.alfaradelpatriarca.es\/es\/wp-json\/wp\/v2\/types\/page"}],"author":[{"embeddable":true,"href":"https:\/\/www.alfaradelpatriarca.es\/es\/wp-json\/wp\/v2\/users\/1"}],"replies":[{"embeddable":true,"href":"https:\/\/www.alfaradelpatriarca.es\/es\/wp-json\/wp\/v2\/comments?post=4451"}],"version-history":[{"count":5,"href":"https:\/\/www.alfaradelpatriarca.es\/es\/wp-json\/wp\/v2\/pages\/4451\/revisions"}],"predecessor-version":[{"id":5509,"href":"https:\/\/www.alfaradelpatriarca.es\/es\/wp-json\/wp\/v2\/pages\/4451\/revisions\/5509"}],"wp:attachment":[{"href":"https:\/\/www.alfaradelpatriarca.es\/es\/wp-json\/wp\/v2\/media?parent=4451"}],"curies":[{"name":"wp","href":"https:\/\/api.w.org\/{rel}","templated":true}]}}