{"id":4423,"date":"2016-09-07T11:24:19","date_gmt":"2016-09-07T11:24:19","guid":{"rendered":"http:\/\/alfara.appesveu.es\/es\/aedl\/"},"modified":"2019-02-22T13:00:24","modified_gmt":"2019-02-22T12:00:24","slug":"aedl","status":"publish","type":"page","link":"https:\/\/www.alfaradelpatriarca.es\/es\/aedl\/","title":{"rendered":"AEDL- Orientaci\u00f3n laboral"},"content":{"rendered":"<p style=\"text-align: justify;\">El Agente de Empleo y Desarrollo Local (AEDL) como misi\u00f3n principal va a promocionar y fomentar el desarrollo end\u00f3geno especialmente en el marco de la inserci\u00f3n sociolaboral. La AEDL realizar\u00e1 su labor de elemento dinamizador de todo el proceso, persiguiendo los objetivos de informar, asesorar y orientar a los usuarios para la formaci\u00f3n, inserci\u00f3n sociolaboral y la creaci\u00f3n de empresas.<\/p>\n<p style=\"text-align: justify;\">El Servicio de Fomento de Empleo y Desarrollo Local, trabajar\u00e1 activamente cada d\u00eda en dos l\u00edneas muy definidas, desarrollar programas y actuaciones que favorecen la inserci\u00f3n laboral y realizando acciones para la creaci\u00f3n de nuevos puestos de trabajo, mediante el apoyo a nuevas iniciativas empresariales y el fomento del autoautoempleo. Medidas, todas ellas con un objetivo com\u00fan: conseguir m\u00e1s empleo y de mejor calidad. Ayudar\u00e1 al ciudadano desempleado a insertarse en el mercado de trabajo, proporcion\u00e1ndole formaci\u00f3n, orientaci\u00f3n en la b\u00fasqueda de empleo y programas espec\u00edficos en donde se les ense\u00f1a a trabajar, trabajando.<\/p>\n<p style=\"text-align: justify;\">En la sociedad actual el empleo cumple dos funciones esenciales:<\/p>\n<p style=\"text-align: justify;\">El trabajo permite participar activamente en el reparto de la renta, pues el empleo es en nuestra sociedad el principal mecanismo para acceder a los bienes y servicios producidos por la misma.<br \/>\nPermite ejercer una actividad en la que la persona reafirma su identidad personal y social.<\/p>\n<p style=\"text-align: center;\"><span style=\"color: #993300;\"><strong>ORIENTACI\u00d3N LABORAL<\/strong><\/span><\/p>\n<p>El Ayuntamiento de Alfara del Patriarca pone a disposici\u00f3n de sus vecinos un servicio de Orientaci\u00f3n Laboral y formativa con las siguientes funciones:<\/p>\n<ul>\n<li>Atenci\u00f3n individualizada a personas que busquen ocupaci\u00f3n o mejorar su puesto de trabajo.<\/li>\n<li>Informaci\u00f3n y asesoramiento en el proceso de b\u00fasqueda de empleo o formaci\u00f3n.<\/li>\n<li>Coordinaci\u00f3n con entidades supramunicipales (Pactem Nord) para la gesti\u00f3n de ofertas de trabajo.<\/li>\n<li>Punto SERVEF, para facilitar la realizaci\u00f3n de tr\u00e1mites telem\u00e1ticos con este organismo.<\/li>\n<\/ul>\n<p>Como requisitos para poder acceder al servicio, se recogen:<\/p>\n<ul>\n<li>Estar inscrito en el SERVEF como demandante de empleo.<\/li>\n<li>Tener domicilio en Alfara del Patriarca.<\/li>\n<\/ul>\n<p>Para la inscripci\u00f3n inicial, es necesario pedir cita, bien presencialmente o bien en el tel\u00e9fono 96 139 19 46 (Horario: Lunes, Martes, Jueves y Viernes de 8:30 a 14:30h) y presentar la siguiente documentaci\u00f3n:<\/p>\n<ul>\n<li>DARDE, como justificante de inscripci\u00f3n en el SERVEF.<\/li>\n<li>DNI, permiso de trabajo o residencia.<\/li>\n<li>Curr\u00edculum Vitae actualizado.<\/li>\n<li>Cursos de formaci\u00f3n realizados.<\/li>\n<li>Certificado de minusval\u00eda, seg\u00fan el caso.<\/li>\n<\/ul>\n<p>&nbsp;<\/p>\n<p>&nbsp;<\/p>\n<p>&nbsp;<\/p>\n","protected":false},"excerpt":{"rendered":"<p>El Agente de Empleo y Desarrollo Local (AEDL) como misi\u00f3n principal va a promocionar y fomentar el desarrollo end\u00f3geno especialmente &hellip;<a class=\"excerpt\" href=\"https:\/\/www.alfaradelpatriarca.es\/es\/aedl\/\">Leer m\u00e1s<\/a><\/p>\n","protected":false},"author":1,"featured_media":0,"parent":0,"menu_order":0,"comment_status":"closed","ping_status":"closed","template":"","meta":{"footnotes":""},"class_list":["post-4423","page","type-page","status-publish","hentry"],"_links":{"self":[{"href":"https:\/\/www.alfaradelpatriarca.es\/es\/wp-json\/wp\/v2\/pages\/4423","targetHints":{"allow":["GET"]}}],"collection":[{"href":"https:\/\/www.alfaradelpatriarca.es\/es\/wp-json\/wp\/v2\/pages"}],"about":[{"href":"https:\/\/www.alfaradelpatriarca.es\/es\/wp-json\/wp\/v2\/types\/page"}],"author":[{"embeddable":true,"href":"https:\/\/www.alfaradelpatriarca.es\/es\/wp-json\/wp\/v2\/users\/1"}],"replies":[{"embeddable":true,"href":"https:\/\/www.alfaradelpatriarca.es\/es\/wp-json\/wp\/v2\/comments?post=4423"}],"version-history":[{"count":18,"href":"https:\/\/www.alfaradelpatriarca.es\/es\/wp-json\/wp\/v2\/pages\/4423\/revisions"}],"predecessor-version":[{"id":7467,"href":"https:\/\/www.alfaradelpatriarca.es\/es\/wp-json\/wp\/v2\/pages\/4423\/revisions\/7467"}],"wp:attachment":[{"href":"https:\/\/www.alfaradelpatriarca.es\/es\/wp-json\/wp\/v2\/media?parent=4423"}],"curies":[{"name":"wp","href":"https:\/\/api.w.org\/{rel}","templated":true}]}}