{"id":12563,"date":"2020-02-05T12:22:23","date_gmt":"2020-02-05T11:22:23","guid":{"rendered":"https:\/\/www.alfaradelpatriarca.es\/es\/calendari-fiscal\/"},"modified":"2026-01-10T14:03:27","modified_gmt":"2026-01-10T12:03:27","slug":"calendari-fiscal","status":"publish","type":"page","link":"https:\/\/www.alfaradelpatriarca.es\/es\/calendari-fiscal\/","title":{"rendered":"CALENDARI FISCAL"},"content":{"rendered":"<p>&nbsp;<\/p>\n<p><img loading=\"lazy\" decoding=\"async\" class=\" wp-image-17400\" src=\"https:\/\/www.alfaradelpatriarca.es\/wp-content\/uploads\/2026\/01\/IMG_2584-300x216.jpeg\" alt=\"\" width=\"667\" height=\"480\" srcset=\"https:\/\/www.alfaradelpatriarca.es\/wp-content\/uploads\/2026\/01\/IMG_2584-300x216.jpeg 300w, https:\/\/www.alfaradelpatriarca.es\/wp-content\/uploads\/2026\/01\/IMG_2584-1024x739.jpeg 1024w, https:\/\/www.alfaradelpatriarca.es\/wp-content\/uploads\/2026\/01\/IMG_2584-768x554.jpeg 768w, https:\/\/www.alfaradelpatriarca.es\/wp-content\/uploads\/2026\/01\/IMG_2584-1536x1108.jpeg 1536w, https:\/\/www.alfaradelpatriarca.es\/wp-content\/uploads\/2026\/01\/IMG_2584-2048x1477.jpeg 2048w, https:\/\/www.alfaradelpatriarca.es\/wp-content\/uploads\/2026\/01\/IMG_2584-940x678.jpeg 940w\" sizes=\"auto, (max-width: 667px) 100vw, 667px\" \/><\/p>\n<p style=\"text-align: center;\"><a href=\"https:\/\/alfaradelpatriarca.gestionmunicipal.es\/Psw\">QUIN TIPUS DE DOCUMENT TENS? (PAGAMENT DE TRIBUTS AMB TARGETA)<\/a><\/p>\n<p data-start=\"0\" data-end=\"54\"><strong data-start=\"0\" data-end=\"54\">LA TASA DE BASURA AHORA LA RECAUDA LA MANCOMUNIDAD<\/strong><\/p>\n<p data-start=\"56\" data-end=\"244\">La gesti\u00f3n de la tasa de residuos ya no se realiza desde el consistorio, sino que pasa a ser competencia de la Mancomunidad del Carraixet, que ser\u00e1 la encargada de tramitar su recaudaci\u00f3n.<\/p>\n<p data-start=\"246\" data-end=\"326\">El importe de la tasa ser\u00e1 de <strong data-start=\"276\" data-end=\"292\">55 \u20ac anuales<\/strong>, con car\u00e1cter revisable cada a\u00f1o.<\/p>\n<p data-start=\"328\" data-end=\"384\" data-is-last-node=\"\" data-is-only-node=\"\">Ten\u00e9is toda la informaci\u00f3n en la web de la mancomunidad:<\/p>\n<p data-start=\"328\" data-end=\"384\" data-is-last-node=\"\" data-is-only-node=\"\"><a href=\"https:\/\/www.mancocarraixet.es\/es\/noticia-pagina-enlace-aviso-transparencia\/informacion-pago-tasa-residuos\">https:\/\/www.mancocarraixet.es\/es\/noticia-pagina-enlace-aviso-transparencia\/informacion-pago-tasa-residuos<\/a><\/p>\n<p data-start=\"42\" data-end=\"86\"><strong data-start=\"42\" data-end=\"86\">PAGO TASA BASURAS MANCOMUNITAT DEL CARRAIXET<\/strong><\/p>\n<p data-start=\"88\" data-end=\"158\">Se pagar\u00e1 por ventanilla, cajero o banca en l\u00ednea a trav\u00e9s del enlace:<\/p>\n<p data-start=\"88\" data-end=\"158\"><a href=\"https:\/\/www.caixabank.es\/particular\/pagos\/impuestosrecibosmatriculas_es.html\">https:\/\/www.caixabank.es\/particular\/pagos\/impuestosrecibosmatriculas_es.html<\/a><\/p>\n<p data-start=\"160\" data-end=\"385\" data-is-last-node=\"\" data-is-only-node=\"\"><strong>DOMICILIACI\u00d3N BANCARIA 2026<\/strong><\/p>\n<p data-start=\"160\" data-end=\"385\" data-is-last-node=\"\" data-is-only-node=\"\">A partir de 2026, podr\u00e1s domiciliarlo. Si eres de CaixaBank, pagando el recibo de 2025; si no es tu entidad, rellenando el formulario que aparece en la web de la Mancomunitat y adjuntando una copia de la liquidaci\u00f3n recibida.<\/p>\n<p><a href=\"https:\/\/www.mancocarraixet.es\/sites\/www.mancocarraixet.es\/files\/SOLICITUD%20DOMICILIACI%C3%93N.pdf\">https:\/\/www.mancocarraixet.es\/sites\/www.mancocarraixet.es\/files\/SOLICITUD%20DOMICILIACI%C3%93N.pdf<\/a><\/p>\n","protected":false},"excerpt":{"rendered":"<p>&nbsp; QUIN TIPUS DE DOCUMENT TENS? (PAGAMENT DE TRIBUTS AMB TARGETA) LA TASA DE BASURA AHORA LA RECAUDA LA MANCOMUNIDAD &hellip;<a class=\"excerpt\" href=\"https:\/\/www.alfaradelpatriarca.es\/es\/calendari-fiscal\/\">Leer m\u00e1s<\/a><\/p>\n","protected":false},"author":2,"featured_media":0,"parent":0,"menu_order":0,"comment_status":"closed","ping_status":"closed","template":"","meta":{"footnotes":""},"class_list":["post-12563","page","type-page","status-publish","hentry"],"_links":{"self":[{"href":"https:\/\/www.alfaradelpatriarca.es\/es\/wp-json\/wp\/v2\/pages\/12563","targetHints":{"allow":["GET"]}}],"collection":[{"href":"https:\/\/www.alfaradelpatriarca.es\/es\/wp-json\/wp\/v2\/pages"}],"about":[{"href":"https:\/\/www.alfaradelpatriarca.es\/es\/wp-json\/wp\/v2\/types\/page"}],"author":[{"embeddable":true,"href":"https:\/\/www.alfaradelpatriarca.es\/es\/wp-json\/wp\/v2\/users\/2"}],"replies":[{"embeddable":true,"href":"https:\/\/www.alfaradelpatriarca.es\/es\/wp-json\/wp\/v2\/comments?post=12563"}],"version-history":[{"count":12,"href":"https:\/\/www.alfaradelpatriarca.es\/es\/wp-json\/wp\/v2\/pages\/12563\/revisions"}],"predecessor-version":[{"id":17401,"href":"https:\/\/www.alfaradelpatriarca.es\/es\/wp-json\/wp\/v2\/pages\/12563\/revisions\/17401"}],"wp:attachment":[{"href":"https:\/\/www.alfaradelpatriarca.es\/es\/wp-json\/wp\/v2\/media?parent=12563"}],"curies":[{"name":"wp","href":"https:\/\/api.w.org\/{rel}","templated":true}]}}